{"id":492,"date":"2022-12-02T22:00:21","date_gmt":"2022-12-02T22:00:21","guid":{"rendered":"https:\/\/fincaturisticamiraflores.com\/?page_id=492"},"modified":"2023-09-22T23:52:08","modified_gmt":"2023-09-22T23:52:08","slug":"contacto","status":"publish","type":"page","link":"https:\/\/fincaturisticamiraflores.com\/en\/contacto\/","title":{"rendered":"Contacto"},"content":{"rendered":"<style>.kb-row-layout-wrap.wp-block-kadence-rowlayout.kb-row-layout-id492_f60c92-fd{margin-bottom:60px;}.kb-row-layout-id492_f60c92-fd > .kt-row-column-wrap{align-content:center;}:where(.kb-row-layout-id492_f60c92-fd > .kt-row-column-wrap) > .wp-block-kadence-column{justify-content:center;}.kb-row-layout-id492_f60c92-fd > .kt-row-column-wrap{column-gap:var(--global-kb-gap-md, 2rem);row-gap:var(--global-kb-gap-md, 2rem);max-width:var( --global-content-width, 1290px );padding-left:var(--global-content-edge-padding);padding-right:var(--global-content-edge-padding);padding-top:var(--global-kb-spacing-sm, 1.5rem);padding-bottom:var(--global-kb-spacing-sm, 1.5rem);min-height:500px;grid-template-columns:minmax(0, 1fr);}.kb-row-layout-id492_f60c92-fd{background-image:url('https:\/\/fincaturisticamiraflores.com\/wp\/wp-content\/uploads\/2022\/12\/DSF0570.jpg');background-size:cover;background-position:46% 49%;background-attachment:scroll;background-repeat:no-repeat;}.kb-row-layout-id492_f60c92-fd > .kt-row-layout-overlay{opacity:0.60;background:linear-gradient(135deg, #453c3b 0%, rgba(69, 60, 59, 0) 100%);}.kb-row-layout-id492_f60c92-fd .kt-row-layout-bottom-sep{height:100px;}.kb-row-layout-id492_f60c92-fd .kt-row-layout-bottom-sep svg{width:100%;}.kb-row-layout-id492_f60c92-fd .kt-row-layout-bottom-sep svg{fill:#ffffff!important;}@media all and (max-width: 1024px){.kb-row-layout-id492_f60c92-fd > .kt-row-column-wrap{grid-template-columns:minmax(0, 1fr);}}@media all and (max-width: 1024px){.kb-row-layout-id492_f60c92-fd .kt-row-layout-bottom-sep{height:px;}}@media all and (max-width: 1024px){.kb-row-layout-id492_f60c92-fd .kt-row-layout-bottom-sep svg{width:%;}}@media all and (max-width: 767px){.kb-row-layout-id492_f60c92-fd > .kt-row-column-wrap{min-height:400px;grid-template-columns:minmax(0, 1fr);}.kb-row-layout-id492_f60c92-fd .kt-row-layout-bottom-sep{height:px;}.kb-row-layout-id492_f60c92-fd .kt-row-layout-bottom-sep svg{width:%;}}<\/style><div class=\"kb-row-layout-wrap kb-row-layout-id492_f60c92-fd alignnone kt-row-has-bg sts-banner wp-block-kadence-rowlayout\"><div class=\"kt-row-layout-overlay kt-row-overlay-gradient\"><\/div><div class=\"kt-row-column-wrap kt-has-1-columns kt-row-layout-equal kt-tab-layout-inherit kt-mobile-layout-row kt-row-valign-middle kb-theme-content-width\">\n<style>.kadence-column492_e798b1-a6 > .kt-inside-inner-col{display:flex;}.kadence-column492_e798b1-a6 > .kt-inside-inner-col,.kadence-column492_e798b1-a6 > .kt-inside-inner-col:before{border-top-left-radius:0px;border-top-right-radius:0px;border-bottom-right-radius:0px;border-bottom-left-radius:0px;}.kadence-column492_e798b1-a6 > .kt-inside-inner-col{column-gap:var(--global-kb-gap-sm, 1rem);}.kadence-column492_e798b1-a6 > .kt-inside-inner-col{flex-direction:column;justify-content:center;}.kadence-column492_e798b1-a6 > .kt-inside-inner-col > .aligncenter{width:100%;}.kt-row-column-wrap > .kadence-column492_e798b1-a6{align-self:center;}.kt-inner-column-height-full:not(.kt-has-1-columns) > .wp-block-kadence-column.kadence-column492_e798b1-a6{align-self:auto;}.kt-inner-column-height-full:not(.kt-has-1-columns) > .wp-block-kadence-column.kadence-column492_e798b1-a6 > .kt-inside-inner-col{flex-direction:column;justify-content:center;}.kadence-column492_e798b1-a6 > .kt-inside-inner-col:before{opacity:0.3;}.kadence-column492_e798b1-a6{text-align:center;}.kadence-column492_e798b1-a6{position:relative;}@media all and (max-width: 1024px){.kt-row-column-wrap > .kadence-column492_e798b1-a6{align-self:center;}}@media all and (max-width: 1024px){.kt-inner-column-height-full:not(.kt-has-1-columns) > .wp-block-kadence-column.kadence-column492_e798b1-a6{align-self:auto;}}@media all and (max-width: 1024px){.kt-inner-column-height-full:not(.kt-has-1-columns) > .wp-block-kadence-column.kadence-column492_e798b1-a6 > .kt-inside-inner-col{flex-direction:column;justify-content:center;}}@media all and (max-width: 1024px){.kadence-column492_e798b1-a6 > .kt-inside-inner-col{flex-direction:column;justify-content:center;}}@media all and (max-width: 767px){.kt-row-column-wrap > .kadence-column492_e798b1-a6{align-self:center;}.kt-inner-column-height-full:not(.kt-has-1-columns) > .wp-block-kadence-column.kadence-column492_e798b1-a6{align-self:auto;}.kt-inner-column-height-full:not(.kt-has-1-columns) > .wp-block-kadence-column.kadence-column492_e798b1-a6 > .kt-inside-inner-col{flex-direction:column;justify-content:center;}.kadence-column492_e798b1-a6 > .kt-inside-inner-col{flex-direction:column;justify-content:center;}}<\/style>\n<div class=\"wp-block-kadence-column kadence-column492_e798b1-a6 inner-column-1\"><div class=\"kt-inside-inner-col\"><h2 style=\"font-size:60px;\" class=\"wp-block-post-title has-text-color has-theme-palette-9-color\">Contacto<\/h2><\/div><\/div>\n\n<\/div><\/div>\n\n<style>.kb-row-layout-wrap.wp-block-kadence-rowlayout.kb-row-layout-id492_33b95c-a5{margin-bottom:0px;}.kb-row-layout-id492_33b95c-a5 > .kt-row-column-wrap{align-content:start;}:where(.kb-row-layout-id492_33b95c-a5 > .kt-row-column-wrap) > .wp-block-kadence-column{justify-content:start;}.kb-row-layout-id492_33b95c-a5 > .kt-row-column-wrap{column-gap:40px;row-gap:var(--global-kb-gap-md, 2rem);max-width:var( --global-content-width, 1290px );padding-left:var(--global-content-edge-padding);padding-right:var(--global-content-edge-padding);padding-top:25px;padding-bottom:0px;grid-template-columns:minmax(0, calc(65% - ((40px * 1 )\/2)))minmax(0, calc(35% - ((40px * 1 )\/2)));}.kb-row-layout-id492_33b95c-a5{border-bottom:1px solid transparent;}.kb-row-layout-id492_33b95c-a5 > .kt-row-layout-overlay{opacity:0.30;}@media all and (max-width: 1024px){.kb-row-layout-id492_33b95c-a5 > .kt-row-column-wrap{grid-template-columns:repeat(2, minmax(0, 1fr));}}@media all and (max-width: 1024px){.kb-row-layout-id492_33b95c-a5{border-bottom:1px solid transparent;}}@media all and (max-width: 767px){.kb-row-layout-id492_33b95c-a5 > .kt-row-column-wrap{grid-template-columns:minmax(0, 1fr);}.kb-row-layout-id492_33b95c-a5{border-bottom:1px solid transparent;}}<\/style><div class=\"kb-row-layout-wrap kb-row-layout-id492_33b95c-a5 alignnone wp-block-kadence-rowlayout\"><div class=\"kt-row-column-wrap kt-has-2-columns kt-row-layout-equal kt-tab-layout-inherit kt-mobile-layout-row kt-row-valign-top kb-theme-content-width\">\n<style>.kadence-column492_d17082-4d > .kt-inside-inner-col,.kadence-column492_d17082-4d > .kt-inside-inner-col:before{border-top-left-radius:0px;border-top-right-radius:0px;border-bottom-right-radius:0px;border-bottom-left-radius:0px;}.kadence-column492_d17082-4d > .kt-inside-inner-col{column-gap:var(--global-kb-gap-sm, 1rem);}.kadence-column492_d17082-4d > .kt-inside-inner-col{flex-direction:column;}.kadence-column492_d17082-4d > .kt-inside-inner-col > .aligncenter{width:100%;}.kadence-column492_d17082-4d > .kt-inside-inner-col:before{opacity:0.3;}.kadence-column492_d17082-4d{position:relative;}@media all and (max-width: 1024px){.kadence-column492_d17082-4d > .kt-inside-inner-col{flex-direction:column;justify-content:center;}}@media all and (max-width: 767px){.kadence-column492_d17082-4d > .kt-inside-inner-col{flex-direction:column;justify-content:center;}}<\/style>\n<div class=\"wp-block-kadence-column kadence-column492_d17082-4d inner-column-1\"><div class=\"kt-inside-inner-col\">\n<div class=\"wpcf7 no-js\" id=\"wpcf7-f498-o1\" lang=\"es-ES\" dir=\"ltr\" data-wpcf7-id=\"498\">\n<div class=\"screen-reader-response\"><p role=\"status\" aria-live=\"polite\" aria-atomic=\"true\"><\/p> <ul><\/ul><\/div>\n<form action=\"\/en\/wp-json\/wp\/v2\/pages\/492#wpcf7-f498-o1\" method=\"post\" class=\"wpcf7-form init\" aria-label=\"Formulario de contacto\" novalidate=\"novalidate\" data-status=\"init\" data-trp-original-action=\"\/en\/wp-json\/wp\/v2\/pages\/492#wpcf7-f498-o1\">\n<fieldset class=\"hidden-fields-container\"><input type=\"hidden\" name=\"_wpcf7\" value=\"498\" \/><input type=\"hidden\" name=\"_wpcf7_version\" value=\"6.1.5\" \/><input type=\"hidden\" name=\"_wpcf7_locale\" value=\"es_ES\" \/><input type=\"hidden\" name=\"_wpcf7_unit_tag\" value=\"wpcf7-f498-o1\" \/><input type=\"hidden\" name=\"_wpcf7_container_post\" value=\"0\" \/><input type=\"hidden\" name=\"_wpcf7_posted_data_hash\" value=\"\" \/>\n<\/fieldset>\n<div class=\"wpcf7-turnstile cf-turnstile\" data-sitekey=\"0x4AAAAAAChDLV0E5D9P3djZ\" data-response-field-name=\"_wpcf7_turnstile_response\"><\/div>\n\n<div class=\"fila\">\n\t<div class=\"columna-6\" style=\"\">\n\t\t<p><label> First name <span class=\"wpcf7-form-control-wrap\" data-name=\"your-name\"><input size=\"40\" maxlength=\"400\" class=\"wpcf7-form-control wpcf7-text wpcf7-validates-as-required\" aria-required=\"true\" aria-invalid=\"false\" value=\"\" type=\"text\" name=\"your-name\" \/><\/span> <\/label>\n\t\t<\/p>\n\t<\/div>\n\t<div class=\"columna-6 last\" style=\"\">\n\t\t<p><label> Last name <span class=\"wpcf7-form-control-wrap\" data-name=\"your-lastname\"><input size=\"40\" maxlength=\"400\" class=\"wpcf7-form-control wpcf7-text wpcf7-validates-as-required\" aria-required=\"true\" aria-invalid=\"false\" value=\"\" type=\"text\" name=\"your-lastname\" \/><\/span> <\/label>\n\t\t<\/p>\n\t<\/div>\n<\/div>\n<div class=\"fila\">\n\t<div class=\"columna-6\" style=\"\">\n\t\t<p><label> Phone number <span class=\"wpcf7-form-control-wrap\" data-name=\"your-phone\"><input size=\"40\" maxlength=\"400\" class=\"wpcf7-form-control wpcf7-text wpcf7-validates-as-required\" aria-required=\"true\" aria-invalid=\"false\" value=\"\" type=\"text\" name=\"your-phone\" \/><\/span> <\/label>\n\t\t<\/p>\n\t<\/div>\n\t<div class=\"columna-6 last\" style=\"\">\n\t\t<p><label> Email <span class=\"wpcf7-form-control-wrap\" data-name=\"your-email\"><input size=\"40\" maxlength=\"400\" class=\"wpcf7-form-control wpcf7-email wpcf7-validates-as-required wpcf7-text wpcf7-validates-as-email\" aria-required=\"true\" aria-invalid=\"false\" value=\"\" type=\"email\" name=\"your-email\" \/><\/span> <\/label>\n\t\t<\/p>\n\t<\/div>\n<\/div>\n<div class=\"fila\">\n\t<div class=\"columna-12\">\n\t\t<p><label> Message <span class=\"wpcf7-form-control-wrap\" data-name=\"your-message\"><textarea cols=\"40\" rows=\"10\" maxlength=\"2000\" class=\"wpcf7-form-control wpcf7-textarea\" aria-invalid=\"false\" name=\"your-message\"><\/textarea><\/span> <\/label>\n\t\t<\/p>\n\t<\/div>\n<\/div>\n<p><input class=\"wpcf7-form-control wpcf7-submit has-spinner\" type=\"submit\" value=\"Submit your message\" \/>\n<\/p><div class=\"wpcf7-response-output\" aria-hidden=\"true\"><\/div>\n<input type=\"hidden\" name=\"trp-form-language\" value=\"en\"\/><\/form>\n<\/div>\n\n<\/div><\/div>\n\n\n<style>.kadence-column492_010613-d7 > .kt-inside-inner-col,.kadence-column492_010613-d7 > .kt-inside-inner-col:before{border-top-left-radius:0px;border-top-right-radius:0px;border-bottom-right-radius:0px;border-bottom-left-radius:0px;}.kadence-column492_010613-d7 > .kt-inside-inner-col{column-gap:var(--global-kb-gap-sm, 1rem);}.kadence-column492_010613-d7 > .kt-inside-inner-col{flex-direction:column;}.kadence-column492_010613-d7 > .kt-inside-inner-col > .aligncenter{width:100%;}.kadence-column492_010613-d7 > .kt-inside-inner-col:before{opacity:0.3;}.kadence-column492_010613-d7{position:relative;}@media all and (max-width: 1024px){.kadence-column492_010613-d7 > .kt-inside-inner-col{flex-direction:column;justify-content:center;}}@media all and (max-width: 767px){.kadence-column492_010613-d7 > .kt-inside-inner-col{flex-direction:column;justify-content:center;}}<\/style>\n<div class=\"wp-block-kadence-column kadence-column492_010613-d7 inner-column-2\"><div class=\"kt-inside-inner-col\"><style>.kb-google-maps-container492_d910c7-38{height:300px;}<\/style><div class=\"kb-google-maps-container kb-google-maps-container492_d910c7-38  wp-block-kadence-googlemaps\" data-mapid=\"492_d910c738\"><iframe width=\"100%\" height=\"100%\"\n\t\t\t\t\t\t\tstyle=\"border:0\" loading=\"lazy\"\n\t\t\t\t\t\t\tsrc=\"https:\/\/www.google.com\/maps\/embed\/v1\/place?key=AIzaSyBAM2o7PiQqwk15LC1XRH2e_KJ-jUa7KYk&#038;zoom=11&#038;maptype=roadmap&#038;q=4.649373%2C+-75.764037\"\n\t\t\t\t\t\t\ttitle=\"Google map of 4.649373, -75.764037\"><\/iframe><\/div><script>function kb_google_map492_d910c738() { let center = { lat: 37.8201, lng: -122.4781}; let map = new google.maps.Map(document.getElementById(\"kb-google-map492_d910c738\"), {\n\t\t\t\t\t    zoom: 11,\n\t\t\t\t\t    center: center,});let marker = new google.maps.Marker({   position: { lat: 37.8201, lng: -122.4781},    map: map,  });}<\/script>\n\n\n<div style=\"height:30px\" aria-hidden=\"true\" class=\"wp-block-spacer\"><\/div>\n\n\n<style>.wp-block-kadence-column.kb-section-dir-horizontal > .kt-inside-inner-col > .kt-info-box492_4f799e-61 .kt-blocks-info-box-link-wrap{max-width:unset;}.kt-info-box492_4f799e-61 .kt-blocks-info-box-link-wrap{border-bottom:1px solid #d7d7d7;border-top-left-radius:0px;border-top-right-radius:0px;border-bottom-right-radius:0px;border-bottom-left-radius:0px;background:var(--global-palette9, #ffffff);padding-top:0px;padding-right:0px;padding-bottom:0px;padding-left:0px;}.kt-info-box492_4f799e-61 .kt-blocks-info-box-link-wrap:hover{background:#ffffff;}.kt-info-box492_4f799e-61 .kt-blocks-info-box-media .kt-info-box-image{width:32px;height:auto;}.kt-info-box492_4f799e-61 .kt-blocks-info-box-media .kt-info-box-image, .kt-info-box492_4f799e-61 .kt-blocks-info-box-media .kt-info-box-image path{fill:palette7;}.kt-info-box492_4f799e-61 .kt-blocks-info-box-link-wrap:hover .kt-blocks-info-box-media .kt-info-box-image, .kt-info-box492_4f799e-61 .kt-blocks-info-box-link-wrap:hover .kt-blocks-info-box-media .kt-info-box-image path{fill:#444444;}.kt-info-box492_4f799e-61 .kadence-info-box-icon-container .kt-info-svg-icon, .kt-info-box492_4f799e-61 .kt-info-svg-icon-flip, .kt-info-box492_4f799e-61 .kt-blocks-info-box-number{font-size:20px;}.kt-info-box492_4f799e-61 .kt-blocks-info-box-media{color:var(--global-palette7, #EDF2F7);background:#ffffff;border-color:#eeeeee;border-top-width:0px;border-right-width:0px;border-bottom-width:0px;border-left-width:0px;padding-top:15px;padding-right:20px;padding-bottom:15px;padding-left:20px;margin-top:0px;margin-right:0px;margin-bottom:0px;margin-left:0px;}.kt-info-box492_4f799e-61 .kt-blocks-info-box-link-wrap:hover .kt-blocks-info-box-media{color:#444444;background:#ffffff;border-color:#eeeeee;}.kt-info-box492_4f799e-61 .kt-infobox-textcontent h6.kt-blocks-info-box-title{font-size:16px;line-height:5px;letter-spacing:0.5px;font-family:Quicksand;font-style:normal;font-weight:400;padding-top:0px;padding-right:0px;padding-bottom:0px;padding-left:0px;margin-top:5px;margin-right:0px;margin-bottom:5px;margin-left:0px;}.kt-info-box492_4f799e-61 .kt-infobox-textcontent .kt-blocks-info-box-text{color:#555555;}.kt-info-box492_4f799e-61 .kt-blocks-info-box-learnmore{background:transparent;border-color:#555555;border-width:0px 0px 0px 0px;padding-top:4px;padding-right:8px;padding-bottom:4px;padding-left:8px;margin-top:10px;margin-right:0px;margin-bottom:10px;margin-left:0px;}.kt-info-box492_4f799e-61 .kt-blocks-info-box-link-wrap:hover .kt-blocks-info-box-learnmore,.kt-info-box492_4f799e-61 .kt-blocks-info-box-link-wrap .kt-blocks-info-box-learnmore:focus{color:#ffffff;background:#444444;border-color:#444444;}@media all and (max-width: 1024px){.kt-info-box492_4f799e-61 .kt-blocks-info-box-link-wrap{border-bottom:1px solid #d7d7d7;}}@media all and (max-width: 767px){.kt-info-box492_4f799e-61 .kt-blocks-info-box-link-wrap{border-bottom:1px solid #d7d7d7;}}<\/style>\n<div class=\"wp-block-kadence-infobox kt-info-box492_4f799e-61\"><span class=\"kt-blocks-info-box-link-wrap info-box-link kt-blocks-info-box-media-align-left kt-info-halign-left\"><div class=\"kt-blocks-info-box-media-container\"><div class=\"kt-blocks-info-box-media kt-info-media-animate-none\"><div class=\"kadence-info-box-icon-container kt-info-icon-animate-none\"><div class=\"kadence-info-box-icon-inner-container\"><span class=\"kb-svg-icon-wrap kb-svg-icon-fe_mail kt-info-svg-icon\"><svg viewbox=\"0 0 24 24\"  fill=\"none\" stroke=\"currentColor\" stroke-width=\"2\" stroke-linecap=\"round\" stroke-linejoin=\"round\" xmlns=\"http:\/\/www.w3.org\/2000\/svg\"  aria-hidden=\"true\"><path d=\"M4 4h16c1.1 0 2 .9 2 2v12c0 1.1-.9 2-2 2H4c-1.1 0-2-.9-2-2V6c0-1.1.9-2 2-2z\"\/><polyline points=\"22,6 12,13 2,6\"\/><\/svg><\/span><\/div><\/div><\/div><\/div><div class=\"kt-infobox-textcontent\"><h6 class=\"kt-blocks-info-box-title\"><code>\n<p>fincaturisticamiraflores@gmail.com<\/p>\n<\/code><br\/><\/h6><\/div><\/span><\/div>\n\n\n<style>.wp-block-kadence-column.kb-section-dir-horizontal > .kt-inside-inner-col > .kt-info-box492_d326b4-92 .kt-blocks-info-box-link-wrap{max-width:unset;}.kt-info-box492_d326b4-92 .kt-blocks-info-box-link-wrap{border-bottom:1px solid #d7d7d7;border-top-left-radius:0px;border-top-right-radius:0px;border-bottom-right-radius:0px;border-bottom-left-radius:0px;background:var(--global-palette9, #ffffff);padding-top:0px;padding-right:0px;padding-bottom:0px;padding-left:0px;}.kt-info-box492_d326b4-92 .kt-blocks-info-box-link-wrap:hover{background:#ffffff;}.kt-info-box492_d326b4-92 .kt-blocks-info-box-media .kt-info-box-image{width:32px;height:auto;}.kt-info-box492_d326b4-92 .kt-blocks-info-box-media .kt-info-box-image, .kt-info-box492_d326b4-92 .kt-blocks-info-box-media .kt-info-box-image path{fill:palette7;}.kt-info-box492_d326b4-92 .kt-blocks-info-box-link-wrap:hover .kt-blocks-info-box-media .kt-info-box-image, .kt-info-box492_d326b4-92 .kt-blocks-info-box-link-wrap:hover .kt-blocks-info-box-media .kt-info-box-image path{fill:#444444;}.kt-info-box492_d326b4-92 .kadence-info-box-icon-container .kt-info-svg-icon, .kt-info-box492_d326b4-92 .kt-info-svg-icon-flip, .kt-info-box492_d326b4-92 .kt-blocks-info-box-number{font-size:20px;}.kt-info-box492_d326b4-92 .kt-blocks-info-box-media{color:var(--global-palette7, #EDF2F7);background:#ffffff;border-color:#eeeeee;border-top-width:0px;border-right-width:0px;border-bottom-width:0px;border-left-width:0px;padding-top:15px;padding-right:20px;padding-bottom:15px;padding-left:20px;margin-top:0px;margin-right:0px;margin-bottom:0px;margin-left:0px;}.kt-info-box492_d326b4-92 .kt-blocks-info-box-link-wrap:hover .kt-blocks-info-box-media{color:#444444;background:#ffffff;border-color:#eeeeee;}.kt-info-box492_d326b4-92 .kt-infobox-textcontent h6.kt-blocks-info-box-title{font-size:16px;letter-spacing:0.5px;font-family:Quicksand;font-style:normal;font-weight:400;padding-top:0px;padding-right:0px;padding-bottom:0px;padding-left:0px;margin-top:5px;margin-right:0px;margin-bottom:5px;margin-left:0px;}.kt-info-box492_d326b4-92 .kt-infobox-textcontent .kt-blocks-info-box-text{color:#555555;}.kt-info-box492_d326b4-92 .kt-blocks-info-box-learnmore{background:transparent;border-color:#555555;border-width:0px 0px 0px 0px;padding-top:4px;padding-right:8px;padding-bottom:4px;padding-left:8px;margin-top:10px;margin-right:0px;margin-bottom:10px;margin-left:0px;}.kt-info-box492_d326b4-92 .kt-blocks-info-box-link-wrap:hover .kt-blocks-info-box-learnmore,.kt-info-box492_d326b4-92 .kt-blocks-info-box-link-wrap .kt-blocks-info-box-learnmore:focus{color:#ffffff;background:#444444;border-color:#444444;}@media all and (max-width: 1024px){.kt-info-box492_d326b4-92 .kt-blocks-info-box-link-wrap{border-bottom:1px solid #d7d7d7;}}@media all and (max-width: 767px){.kt-info-box492_d326b4-92 .kt-blocks-info-box-link-wrap{border-bottom:1px solid #d7d7d7;}}<\/style>\n<div class=\"wp-block-kadence-infobox kt-info-box492_d326b4-92\"><span class=\"kt-blocks-info-box-link-wrap info-box-link kt-blocks-info-box-media-align-left kt-info-halign-left\"><div class=\"kt-blocks-info-box-media-container\"><div class=\"kt-blocks-info-box-media kt-info-media-animate-none\"><div class=\"kadence-info-box-icon-container kt-info-icon-animate-none\"><div class=\"kadence-info-box-icon-inner-container\"><span class=\"kb-svg-icon-wrap kb-svg-icon-fe_phoneCall kt-info-svg-icon\"><svg viewbox=\"0 0 24 24\"  fill=\"none\" stroke=\"currentColor\" stroke-width=\"2\" stroke-linecap=\"round\" stroke-linejoin=\"round\" xmlns=\"http:\/\/www.w3.org\/2000\/svg\"  aria-hidden=\"true\"><path d=\"M15.05 5A5 5 0 0 1 19 8.95M15.05 1A9 9 0 0 1 23 8.94m-1 7.98v3a2 2 0 0 1-2.18 2 19.79 19.79 0 0 1-8.63-3.07 19.5 19.5 0 0 1-6-6 19.79 19.79 0 0 1-3.07-8.67A2 2 0 0 1 4.11 2h3a2 2 0 0 1 2 1.72 12.84 12.84 0 0 0 .7 2.81 2 2 0 0 1-.45 2.11L8.09 9.91a16 16 0 0 0 6 6l1.27-1.27a2 2 0 0 1 2.11-.45 12.84 12.84 0 0 0 2.81.7A2 2 0 0 1 22 16.92z\"\/><\/svg><\/span><\/div><\/div><\/div><\/div><div class=\"kt-infobox-textcontent\"><h6 class=\"kt-blocks-info-box-title\"><code>\n<p>S\u00f3lo WhatsApp (+57) 323 4316278<\/p>\n<\/code><br\/><\/h6><\/div><\/span><\/div>\n\n\n<style>.wp-block-kadence-column.kb-section-dir-horizontal > .kt-inside-inner-col > .kt-info-box492_0c9751-0f .kt-blocks-info-box-link-wrap{max-width:unset;}.kt-info-box492_0c9751-0f .kt-blocks-info-box-link-wrap{border-bottom:1px solid #d7d7d7;border-top-left-radius:0px;border-top-right-radius:0px;border-bottom-right-radius:0px;border-bottom-left-radius:0px;background:var(--global-palette9, #ffffff);padding-top:0px;padding-right:0px;padding-bottom:0px;padding-left:0px;}.kt-info-box492_0c9751-0f .kt-blocks-info-box-link-wrap:hover{background:#ffffff;}.kt-info-box492_0c9751-0f .kt-blocks-info-box-media .kt-info-box-image{width:32px;height:auto;}.kt-info-box492_0c9751-0f .kt-blocks-info-box-media .kt-info-box-image, .kt-info-box492_0c9751-0f .kt-blocks-info-box-media .kt-info-box-image path{fill:palette7;}.kt-info-box492_0c9751-0f .kt-blocks-info-box-link-wrap:hover .kt-blocks-info-box-media .kt-info-box-image, .kt-info-box492_0c9751-0f .kt-blocks-info-box-link-wrap:hover .kt-blocks-info-box-media .kt-info-box-image path{fill:#444444;}.kt-info-box492_0c9751-0f .kadence-info-box-icon-container .kt-info-svg-icon, .kt-info-box492_0c9751-0f .kt-info-svg-icon-flip, .kt-info-box492_0c9751-0f .kt-blocks-info-box-number{font-size:20px;}.kt-info-box492_0c9751-0f .kt-blocks-info-box-media{color:var(--global-palette7, #EDF2F7);background:#ffffff;border-color:#eeeeee;border-top-width:0px;border-right-width:0px;border-bottom-width:0px;border-left-width:0px;padding-top:15px;padding-right:20px;padding-bottom:15px;padding-left:20px;margin-top:0px;margin-right:0px;margin-bottom:0px;margin-left:0px;}.kt-info-box492_0c9751-0f .kt-blocks-info-box-link-wrap:hover .kt-blocks-info-box-media{color:#444444;background:#ffffff;border-color:#eeeeee;}.kt-info-box492_0c9751-0f .kt-infobox-textcontent h6.kt-blocks-info-box-title{font-size:16px;letter-spacing:0.5px;font-family:Quicksand;font-style:normal;font-weight:400;padding-top:0px;padding-right:0px;padding-bottom:0px;padding-left:0px;margin-top:5px;margin-right:0px;margin-bottom:5px;margin-left:0px;}.kt-info-box492_0c9751-0f .kt-infobox-textcontent .kt-blocks-info-box-text{color:#555555;}.kt-info-box492_0c9751-0f .kt-blocks-info-box-learnmore{background:transparent;border-color:#555555;border-width:0px 0px 0px 0px;padding-top:4px;padding-right:8px;padding-bottom:4px;padding-left:8px;margin-top:10px;margin-right:0px;margin-bottom:10px;margin-left:0px;}.kt-info-box492_0c9751-0f .kt-blocks-info-box-link-wrap:hover .kt-blocks-info-box-learnmore,.kt-info-box492_0c9751-0f .kt-blocks-info-box-link-wrap .kt-blocks-info-box-learnmore:focus{color:#ffffff;background:#444444;border-color:#444444;}@media all and (max-width: 1024px){.kt-info-box492_0c9751-0f .kt-blocks-info-box-link-wrap{border-bottom:1px solid #d7d7d7;}}@media all and (max-width: 767px){.kt-info-box492_0c9751-0f .kt-blocks-info-box-link-wrap{border-bottom:1px solid #d7d7d7;}}<\/style>\n<div class=\"wp-block-kadence-infobox kt-info-box492_0c9751-0f\"><span class=\"kt-blocks-info-box-link-wrap info-box-link kt-blocks-info-box-media-align-left kt-info-halign-left\"><div class=\"kt-blocks-info-box-media-container\"><div class=\"kt-blocks-info-box-media kt-info-media-animate-none\"><div class=\"kadence-info-box-icon-container kt-info-icon-animate-none\"><div class=\"kadence-info-box-icon-inner-container\"><span class=\"kb-svg-icon-wrap kb-svg-icon-fe_mapPin kt-info-svg-icon\"><svg viewbox=\"0 0 24 24\"  fill=\"none\" stroke=\"currentColor\" stroke-width=\"2\" stroke-linecap=\"round\" stroke-linejoin=\"round\" xmlns=\"http:\/\/www.w3.org\/2000\/svg\"  aria-hidden=\"true\"><path d=\"M21 10c0 7-9 13-9 13s-9-6-9-13a9 9 0 0 1 18 0z\"\/><circle cx=\"12\" cy=\"10\" r=\"3\"\/><\/svg><\/span><\/div><\/div><\/div><\/div><div class=\"kt-infobox-textcontent\"><h6 class=\"kt-blocks-info-box-title\"><code>\n<p>Kil\u00f3metro 3 v\u00eda Quimbaya &#8211; Alcal\u00e1 \/ Quimbaya, Quind\u00edo.<\/p>\n<\/code><br\/><\/h6><\/div><\/span><\/div>\n\n\n\nThis site is protected by reCAPTCHA and the Google\n    <a href=\"https:\/\/policies.google.com\/privacy\">Privacy Policy<\/a> and\n    <a href=\"https:\/\/policies.google.com\/terms\">Terms of Service<\/a> apply.\n<\/div><\/div>\n\n<\/div><\/div>","protected":false},"excerpt":{"rendered":"<p>This site is protected by reCAPTCHA and the Google Privacy Policy and Terms of Service apply.<\/p>","protected":false},"author":1,"featured_media":0,"parent":0,"menu_order":0,"comment_status":"closed","ping_status":"closed","template":"","meta":{"_eb_attr":"","_kad_post_transparent":"","_kad_post_title":"","_kad_post_layout":"","_kad_post_sidebar_id":"","_kad_post_content_style":"","_kad_post_vertical_padding":"","_kad_post_feature":"","_kad_post_feature_position":"","_kad_post_header":false,"_kad_post_footer":false,"_kad_post_classname":"","_vp_format_video_url":"","_vp_image_focal_point":[],"footnotes":""},"class_list":["post-492","page","type-page","status-publish","hentry"],"_links":{"self":[{"href":"https:\/\/fincaturisticamiraflores.com\/en\/wp-json\/wp\/v2\/pages\/492","targetHints":{"allow":["GET"]}}],"collection":[{"href":"https:\/\/fincaturisticamiraflores.com\/en\/wp-json\/wp\/v2\/pages"}],"about":[{"href":"https:\/\/fincaturisticamiraflores.com\/en\/wp-json\/wp\/v2\/types\/page"}],"author":[{"embeddable":true,"href":"https:\/\/fincaturisticamiraflores.com\/en\/wp-json\/wp\/v2\/users\/1"}],"replies":[{"embeddable":true,"href":"https:\/\/fincaturisticamiraflores.com\/en\/wp-json\/wp\/v2\/comments?post=492"}],"version-history":[{"count":52,"href":"https:\/\/fincaturisticamiraflores.com\/en\/wp-json\/wp\/v2\/pages\/492\/revisions"}],"predecessor-version":[{"id":892,"href":"https:\/\/fincaturisticamiraflores.com\/en\/wp-json\/wp\/v2\/pages\/492\/revisions\/892"}],"wp:attachment":[{"href":"https:\/\/fincaturisticamiraflores.com\/en\/wp-json\/wp\/v2\/media?parent=492"}],"curies":[{"name":"wp","href":"https:\/\/api.w.org\/{rel}","templated":true}]}}